{"id":831,"date":"2024-03-14T16:04:46","date_gmt":"2024-03-14T15:04:46","guid":{"rendered":"https:\/\/rociosola.com\/sobre-mi\/"},"modified":"2024-04-18T17:22:09","modified_gmt":"2024-04-18T15:22:09","slug":"sobre-mi","status":"publish","type":"page","link":"https:\/\/rociosola.com\/ca\/sobre-mi\/","title":{"rendered":"Sobre mi"},"content":{"rendered":"<div class=\"wpb-content-wrapper\">[vc_row css=&#8221;.vc_custom_1712224777937{padding-top: 8% !important;padding-right: 10% !important;padding-bottom: 5% !important;padding-left: 10% !important;}&#8221;][vc_column][vc_row_inner][vc_column_inner][vc_column_text]\n<h2 class=\"fusion-responsive-typography-calculated\" style=\"text-align: left;\" data-fontsize=\"48\" data-lineheight=\"45.12px\"><span style=\"font-size: 150%;\" data-text-color=\"secondary\">Hola! El meu nom \u00e9s Rocio.<\/span><\/h2>\n[\/vc_column_text][\/vc_column_inner][\/vc_row_inner][vc_row_inner gap=&#8221;30&#8243;][vc_column_inner width=&#8221;1\/2&#8243;][vc_single_image image=&#8221;893&#8243; img_size=&#8221;large&#8221; alignment=&#8221;center&#8221; style=&#8221;vc_box_circle_2&#8243;][\/vc_column_inner][vc_column_inner width=&#8221;1\/2&#8243;][vc_column_text]\n<p style=\"text-align: justify;\"><strong>La fotografia professional va arribar a la meva vida alhora que la meva filla.<\/strong><\/p>\n<p style=\"text-align: justify;\">Aquest projecte tan especial neix al novembre de 2019. Aquesta data marca un abans i un despr\u00e9s en la meva traject\u00f2ria com a fot\u00f2grafa, abans d&#8217;aquesta data la fotografia no era m\u00e9s que un hobbie. Al novembre de 2018 em vaig convertir en mare de la meva petita Alaia i un any m\u00e9s tard, vaig decidir emprendre aquest projecte i comen\u00e7ar a formar-me per poder dedicar-me a la fotografia de manera professional i donar un gir a la meva vida de 180\u00ba. En aquell moment vaig entendre la necessitat de guardar per sempre aquests records, els detalls m\u00e9s petits i la nostra rutina. M&#8217;encanta veure les seves fotos i veure com va creixent: em fa transportar a aquell mateix instant i recordar aquells moments viscuts que mai m\u00e9s es repetiran.<\/p>\n<p style=\"text-align: justify;\">La meva fotografia es basa en la naturalitat, respecte, senzillesa i proximitat. El meu objectiu \u00e9s capturar moments reals, fer-vos riure i gaudir d&#8217;un bonic moment junts. M&#8217;agrada evitar els posats i sempre estic buscant aquelles mirades, expressions i els petits detalls que fan \u00fanic i especial a cada persona. S\u00f3c una amant de la natura i de les postes de sol, per aix\u00f2 m&#8217;encanta fer fotografia a l&#8217;aire lliure on tant grans com petits se senten m\u00e9s lliures i c\u00f2modes.<\/p>\n<p style=\"text-align: justify;\">Si t&#8217;apeteix, escriu-me, estar\u00e9 encantada de con\u00e8ixer-te i de ser la teva fot\u00f2grafa en aquest moment irrepetible.<\/p>\n[\/vc_column_text][\/vc_column_inner][\/vc_row_inner][\/vc_column][\/vc_row]\n<\/div>","protected":false},"excerpt":{"rendered":"[vc_row css=&#8221;.vc_custom_1712224777937{padding-top: 8% !important;padding-right: 10% !important;padding-bottom: 5% !important;padding-left: 10% !important;}&#8221;][vc_column][vc_row_inner][vc_column_inner][vc_column_text] Hola! El meu nom \u00e9s Rocio. [\/vc_column_text][\/vc_column_inner][\/vc_row_inner][vc_row_inner gap=&#8221;30&#8243;][vc_column_inner width=&#8221;1\/2&#8243;][vc_single_image image=&#8221;893&#8243; img_size=&#8221;large&#8221; alignment=&#8221;center&#8221; style=&#8221;vc_box_circle_2&#8243;][\/vc_column_inner][vc_column_inner width=&#8221;1\/2&#8243;][vc_column_text] La fotografia professional va arribar a la meva vida alhora que la meva filla. Aquest projecte tan especial neix al novembre de 2019. Aquesta data marca un abans i un despr\u00e9s [&#8230;]\n","protected":false},"author":1,"featured_media":0,"parent":0,"menu_order":0,"comment_status":"closed","ping_status":"closed","template":"page-blank.php","meta":{"footnotes":""},"class_list":["post-831","page","type-page","status-publish","hentry"],"yoast_head":"<!-- This site is optimized with the Yoast SEO plugin v22.4 - https:\/\/yoast.com\/wordpress\/plugins\/seo\/ -->\n<title>Sobre mi - Rocio Sol\u00e0 Fotograf\u00eda Natural<\/title>\n<meta name=\"robots\" content=\"index, follow, max-snippet:-1, max-image-preview:large, max-video-preview:-1\" \/>\n<link rel=\"canonical\" href=\"https:\/\/rociosola.com\/ca\/sobre-mi\/\" \/>\n<meta property=\"og:locale\" content=\"ca_ES\" \/>\n<meta property=\"og:type\" content=\"article\" \/>\n<meta property=\"og:title\" content=\"Sobre mi - Rocio Sol\u00e0 Fotograf\u00eda Natural\" \/>\n<meta property=\"og:description\" content=\"[vc_row css=&#8221;.vc_custom_1712224777937{padding-top: 8% !important;padding-right: 10% !important;padding-bottom: 5% !important;padding-left: 10% !important;}&#8221;][vc_column][vc_row_inner][vc_column_inner][vc_column_text] Hola! El meu nom \u00e9s Rocio. [\/vc_column_text][\/vc_column_inner][\/vc_row_inner][vc_row_inner gap=&#8221;30&#8243;][vc_column_inner width=&#8221;1\/2&#8243;][vc_single_image image=&#8221;893&#8243; img_size=&#8221;large&#8221; alignment=&#8221;center&#8221; style=&#8221;vc_box_circle_2&#8243;][\/vc_column_inner][vc_column_inner width=&#8221;1\/2&#8243;][vc_column_text] La fotografia professional va arribar a la meva vida alhora que la meva filla. Aquest projecte tan especial neix al novembre de 2019. Aquesta data marca un abans i un despr\u00e9s [...]\" \/>\n<meta property=\"og:url\" content=\"https:\/\/rociosola.com\/ca\/sobre-mi\/\" \/>\n<meta property=\"og:site_name\" content=\"Rocio Sol\u00e0 Fotograf\u00eda Natural\" \/>\n<meta property=\"article:modified_time\" content=\"2024-04-18T15:22:09+00:00\" \/>\n<meta name=\"twitter:card\" content=\"summary_large_image\" \/>\n<meta name=\"twitter:label1\" content=\"Temps estimat de lectura\" \/>\n\t<meta name=\"twitter:data1\" content=\"2 minuts\" \/>\n<script type=\"application\/ld+json\" class=\"yoast-schema-graph\">{\"@context\":\"https:\/\/schema.org\",\"@graph\":[{\"@type\":\"WebPage\",\"@id\":\"https:\/\/rociosola.com\/ca\/sobre-mi\/\",\"url\":\"https:\/\/rociosola.com\/ca\/sobre-mi\/\",\"name\":\"Sobre mi - Rocio Sol\u00e0 Fotograf\u00eda Natural\",\"isPartOf\":{\"@id\":\"https:\/\/rociosola.com\/ca\/#website\"},\"datePublished\":\"2024-03-14T15:04:46+00:00\",\"dateModified\":\"2024-04-18T15:22:09+00:00\",\"breadcrumb\":{\"@id\":\"https:\/\/rociosola.com\/ca\/sobre-mi\/#breadcrumb\"},\"inLanguage\":\"ca\",\"potentialAction\":[{\"@type\":\"ReadAction\",\"target\":[\"https:\/\/rociosola.com\/ca\/sobre-mi\/\"]}]},{\"@type\":\"BreadcrumbList\",\"@id\":\"https:\/\/rociosola.com\/ca\/sobre-mi\/#breadcrumb\",\"itemListElement\":[{\"@type\":\"ListItem\",\"position\":1,\"name\":\"Portada\",\"item\":\"https:\/\/rociosola.com\/ca\/\"},{\"@type\":\"ListItem\",\"position\":2,\"name\":\"Sobre mi\"}]},{\"@type\":\"WebSite\",\"@id\":\"https:\/\/rociosola.com\/ca\/#website\",\"url\":\"https:\/\/rociosola.com\/ca\/\",\"name\":\"Rocio Sola Fotografia\",\"description\":\"Fotograf\u00eda natural en Tarrasa. Fotograf\u00eda exterior de familia, maternidad, embarazo e infantil. Estudio de luz natural en Terrassa.\",\"publisher\":{\"@id\":\"https:\/\/rociosola.com\/ca\/#organization\"},\"potentialAction\":[{\"@type\":\"SearchAction\",\"target\":{\"@type\":\"EntryPoint\",\"urlTemplate\":\"https:\/\/rociosola.com\/ca\/?s={search_term_string}\"},\"query-input\":\"required name=search_term_string\"}],\"inLanguage\":\"ca\"},{\"@type\":\"Organization\",\"@id\":\"https:\/\/rociosola.com\/ca\/#organization\",\"name\":\"Rocio Sola Fotografia\",\"url\":\"https:\/\/rociosola.com\/ca\/\",\"logo\":{\"@type\":\"ImageObject\",\"inLanguage\":\"ca\",\"@id\":\"https:\/\/rociosola.com\/ca\/#\/schema\/logo\/image\/\",\"url\":\"https:\/\/rociosola.com\/wp-content\/uploads\/2024\/03\/Logo_RS-09.png\",\"contentUrl\":\"https:\/\/rociosola.com\/wp-content\/uploads\/2024\/03\/Logo_RS-09.png\",\"width\":600,\"height\":186,\"caption\":\"Rocio Sola Fotografia\"},\"image\":{\"@id\":\"https:\/\/rociosola.com\/ca\/#\/schema\/logo\/image\/\"},\"sameAs\":[\"https:\/\/www.instagram.com\/rociosolafotografianatural\/\"]}]}<\/script>\n<!-- \/ Yoast SEO plugin. -->","yoast_head_json":{"title":"Sobre mi - Rocio Sol\u00e0 Fotograf\u00eda Natural","robots":{"index":"index","follow":"follow","max-snippet":"max-snippet:-1","max-image-preview":"max-image-preview:large","max-video-preview":"max-video-preview:-1"},"canonical":"https:\/\/rociosola.com\/ca\/sobre-mi\/","og_locale":"ca_ES","og_type":"article","og_title":"Sobre mi - Rocio Sol\u00e0 Fotograf\u00eda Natural","og_description":"[vc_row css=&#8221;.vc_custom_1712224777937{padding-top: 8% !important;padding-right: 10% !important;padding-bottom: 5% !important;padding-left: 10% !important;}&#8221;][vc_column][vc_row_inner][vc_column_inner][vc_column_text] Hola! El meu nom \u00e9s Rocio. [\/vc_column_text][\/vc_column_inner][\/vc_row_inner][vc_row_inner gap=&#8221;30&#8243;][vc_column_inner width=&#8221;1\/2&#8243;][vc_single_image image=&#8221;893&#8243; img_size=&#8221;large&#8221; alignment=&#8221;center&#8221; style=&#8221;vc_box_circle_2&#8243;][\/vc_column_inner][vc_column_inner width=&#8221;1\/2&#8243;][vc_column_text] La fotografia professional va arribar a la meva vida alhora que la meva filla. Aquest projecte tan especial neix al novembre de 2019. Aquesta data marca un abans i un despr\u00e9s [...]","og_url":"https:\/\/rociosola.com\/ca\/sobre-mi\/","og_site_name":"Rocio Sol\u00e0 Fotograf\u00eda Natural","article_modified_time":"2024-04-18T15:22:09+00:00","twitter_card":"summary_large_image","twitter_misc":{"Temps estimat de lectura":"2 minuts"},"schema":{"@context":"https:\/\/schema.org","@graph":[{"@type":"WebPage","@id":"https:\/\/rociosola.com\/ca\/sobre-mi\/","url":"https:\/\/rociosola.com\/ca\/sobre-mi\/","name":"Sobre mi - Rocio Sol\u00e0 Fotograf\u00eda Natural","isPartOf":{"@id":"https:\/\/rociosola.com\/ca\/#website"},"datePublished":"2024-03-14T15:04:46+00:00","dateModified":"2024-04-18T15:22:09+00:00","breadcrumb":{"@id":"https:\/\/rociosola.com\/ca\/sobre-mi\/#breadcrumb"},"inLanguage":"ca","potentialAction":[{"@type":"ReadAction","target":["https:\/\/rociosola.com\/ca\/sobre-mi\/"]}]},{"@type":"BreadcrumbList","@id":"https:\/\/rociosola.com\/ca\/sobre-mi\/#breadcrumb","itemListElement":[{"@type":"ListItem","position":1,"name":"Portada","item":"https:\/\/rociosola.com\/ca\/"},{"@type":"ListItem","position":2,"name":"Sobre mi"}]},{"@type":"WebSite","@id":"https:\/\/rociosola.com\/ca\/#website","url":"https:\/\/rociosola.com\/ca\/","name":"Rocio Sola Fotografia","description":"Fotograf\u00eda natural en Tarrasa. Fotograf\u00eda exterior de familia, maternidad, embarazo e infantil. Estudio de luz natural en Terrassa.","publisher":{"@id":"https:\/\/rociosola.com\/ca\/#organization"},"potentialAction":[{"@type":"SearchAction","target":{"@type":"EntryPoint","urlTemplate":"https:\/\/rociosola.com\/ca\/?s={search_term_string}"},"query-input":"required name=search_term_string"}],"inLanguage":"ca"},{"@type":"Organization","@id":"https:\/\/rociosola.com\/ca\/#organization","name":"Rocio Sola Fotografia","url":"https:\/\/rociosola.com\/ca\/","logo":{"@type":"ImageObject","inLanguage":"ca","@id":"https:\/\/rociosola.com\/ca\/#\/schema\/logo\/image\/","url":"https:\/\/rociosola.com\/wp-content\/uploads\/2024\/03\/Logo_RS-09.png","contentUrl":"https:\/\/rociosola.com\/wp-content\/uploads\/2024\/03\/Logo_RS-09.png","width":600,"height":186,"caption":"Rocio Sola Fotografia"},"image":{"@id":"https:\/\/rociosola.com\/ca\/#\/schema\/logo\/image\/"},"sameAs":["https:\/\/www.instagram.com\/rociosolafotografianatural\/"]}]}},"_links":{"self":[{"href":"https:\/\/rociosola.com\/ca\/wp-json\/wp\/v2\/pages\/831"}],"collection":[{"href":"https:\/\/rociosola.com\/ca\/wp-json\/wp\/v2\/pages"}],"about":[{"href":"https:\/\/rociosola.com\/ca\/wp-json\/wp\/v2\/types\/page"}],"author":[{"embeddable":true,"href":"https:\/\/rociosola.com\/ca\/wp-json\/wp\/v2\/users\/1"}],"replies":[{"embeddable":true,"href":"https:\/\/rociosola.com\/ca\/wp-json\/wp\/v2\/comments?post=831"}],"version-history":[{"count":4,"href":"https:\/\/rociosola.com\/ca\/wp-json\/wp\/v2\/pages\/831\/revisions"}],"predecessor-version":[{"id":906,"href":"https:\/\/rociosola.com\/ca\/wp-json\/wp\/v2\/pages\/831\/revisions\/906"}],"wp:attachment":[{"href":"https:\/\/rociosola.com\/ca\/wp-json\/wp\/v2\/media?parent=831"}],"curies":[{"name":"wp","href":"https:\/\/api.w.org\/{rel}","templated":true}]}}